{"id":7,"date":"2017-10-07T13:47:42","date_gmt":"2017-10-07T11:47:42","guid":{"rendered":"http:\/\/kosch-partner.at\/?page_id=7"},"modified":"2020-03-23T15:26:29","modified_gmt":"2020-03-23T14:26:29","slug":"rechtsanwaelte","status":"publish","type":"page","link":"https:\/\/kosch-partner.at\/en\/","title":{"rendered":"Lawyers"},"content":{"rendered":"","protected":false},"excerpt":{"rendered":"","protected":false},"author":1,"featured_media":0,"parent":0,"menu_order":0,"comment_status":"closed","ping_status":"closed","template":"","meta":{"_acf_changed":false,"footnotes":""},"class_list":["post-7","page","type-page","status-publish","hentry"],"acf":[],"yoast_head":"<!-- This site is optimized with the Yoast SEO plugin v27.3 - https:\/\/yoast.com\/product\/yoast-seo-wordpress\/ -->\n<title>Kosch &amp; Partner &#8211; Rechtsanw\u00e4lte in Wr. Neustadt, Wien und Eisenstadt<\/title>\n<meta name=\"description\" content=\"Im Rahmen unserer vielf\u00e4ltigen Spezialisierungen stehen wir Ihnen als gr\u00f6\u00dfte Anwaltskanzlei in Wiener Neustadt mit au\u00dfergew\u00f6hnlicher Expertise zur Seite.\" \/>\n<meta name=\"robots\" content=\"index, follow, max-snippet:-1, max-image-preview:large, max-video-preview:-1\" \/>\n<link rel=\"canonical\" href=\"https:\/\/kosch-partner.at\/en\/\" \/>\n<meta property=\"og:locale\" content=\"en_US\" \/>\n<meta property=\"og:type\" content=\"article\" \/>\n<meta property=\"og:title\" content=\"Kosch &amp; Partner - Rechtsanw\u00e4lte in Wiener Neustadt, Wien und Eisenstadt\" \/>\n<meta property=\"og:description\" content=\"Im Rahmen unserer vielf\u00e4ltigen Spezialisierungen stehen wir Ihnen als gr\u00f6\u00dfte Anwaltskanzlei in Wiener Neustadt mit au\u00dfergew\u00f6hnlicher Expertise zur Seite.\" \/>\n<meta property=\"og:url\" content=\"https:\/\/kosch-partner.at\/en\/\" \/>\n<meta property=\"og:site_name\" content=\"KOSCH &amp; PARTNER\" \/>\n<meta property=\"article:modified_time\" content=\"2020-03-23T14:26:29+00:00\" \/>\n<meta property=\"og:image\" content=\"https:\/\/kosch-partner.at\/wp-content\/uploads\/2018\/08\/socialmedia.jpg\" \/>\n\t<meta property=\"og:image:width\" content=\"1200\" \/>\n\t<meta property=\"og:image:height\" content=\"630\" \/>\n\t<meta property=\"og:image:type\" content=\"image\/jpeg\" \/>\n<meta name=\"twitter:card\" content=\"summary_large_image\" \/>\n<meta name=\"twitter:title\" content=\"Kosch &amp; Partner - Rechtsanw\u00e4lte in Wiener Neustadt, Wien und Eisenstadt\" \/>\n<meta name=\"twitter:description\" content=\"Im Rahmen unserer vielf\u00e4ltigen Spezialisierungen stehen wir Ihnen als gr\u00f6\u00dfte Anwaltskanzlei in Wiener Neustadt mit au\u00dfergew\u00f6hnlicher Expertise zur Seite.\" \/>\n<meta name=\"twitter:image\" content=\"http:\/\/kosch-partner.at\/wp-content\/uploads\/2018\/08\/socialmedia.jpg\" \/>\n<script type=\"application\/ld+json\" class=\"yoast-schema-graph\">{\"@context\":\"https:\\\/\\\/schema.org\",\"@graph\":[{\"@type\":\"WebPage\",\"@id\":\"https:\\\/\\\/kosch-partner.at\\\/en\\\/\",\"url\":\"https:\\\/\\\/kosch-partner.at\\\/en\\\/\",\"name\":\"Kosch & Partner &#8211; Rechtsanw\u00e4lte in Wr. Neustadt, Wien und Eisenstadt\",\"isPartOf\":{\"@id\":\"https:\\\/\\\/kosch-partner.at\\\/en\\\/#website\"},\"datePublished\":\"2017-10-07T11:47:42+00:00\",\"dateModified\":\"2020-03-23T14:26:29+00:00\",\"description\":\"Im Rahmen unserer vielf\u00e4ltigen Spezialisierungen stehen wir Ihnen als gr\u00f6\u00dfte Anwaltskanzlei in Wiener Neustadt mit au\u00dfergew\u00f6hnlicher Expertise zur Seite.\",\"breadcrumb\":{\"@id\":\"https:\\\/\\\/kosch-partner.at\\\/en\\\/#breadcrumb\"},\"inLanguage\":\"en-US\",\"potentialAction\":[{\"@type\":\"ReadAction\",\"target\":[[\"https:\\\/\\\/kosch-partner.at\\\/en\\\/\"]]}]},{\"@type\":\"BreadcrumbList\",\"@id\":\"https:\\\/\\\/kosch-partner.at\\\/en\\\/#breadcrumb\",\"itemListElement\":[{\"@type\":\"ListItem\",\"position\":1,\"name\":\"Home\",\"item\":\"https:\\\/\\\/kosch-partner.at\\\/en\\\/\"},{\"@type\":\"ListItem\",\"position\":2,\"name\":\"Rechtsanw\u00e4lte\"}]},{\"@type\":\"WebSite\",\"@id\":\"https:\\\/\\\/kosch-partner.at\\\/en\\\/#website\",\"url\":\"https:\\\/\\\/kosch-partner.at\\\/en\\\/\",\"name\":\"KOSCH &amp; PARTNER\",\"description\":\"\",\"potentialAction\":[{\"@type\":\"SearchAction\",\"target\":{\"@type\":\"EntryPoint\",\"urlTemplate\":\"https:\\\/\\\/kosch-partner.at\\\/en\\\/?s={search_term_string}\"},\"query-input\":{\"@type\":\"PropertyValueSpecification\",\"valueRequired\":true,\"valueName\":\"search_term_string\"}}],\"inLanguage\":\"en-US\"}]}<\/script>\n<!-- \/ Yoast SEO plugin. -->","yoast_head_json":{"title":"Kosch & Partner &#8211; Rechtsanw\u00e4lte in Wr. Neustadt, Wien und Eisenstadt","description":"Im Rahmen unserer vielf\u00e4ltigen Spezialisierungen stehen wir Ihnen als gr\u00f6\u00dfte Anwaltskanzlei in Wiener Neustadt mit au\u00dfergew\u00f6hnlicher Expertise zur Seite.","robots":{"index":"index","follow":"follow","max-snippet":"max-snippet:-1","max-image-preview":"max-image-preview:large","max-video-preview":"max-video-preview:-1"},"canonical":"https:\/\/kosch-partner.at\/en\/","og_locale":"en_US","og_type":"article","og_title":"Kosch & Partner - Rechtsanw\u00e4lte in Wiener Neustadt, Wien und Eisenstadt","og_description":"Im Rahmen unserer vielf\u00e4ltigen Spezialisierungen stehen wir Ihnen als gr\u00f6\u00dfte Anwaltskanzlei in Wiener Neustadt mit au\u00dfergew\u00f6hnlicher Expertise zur Seite.","og_url":"https:\/\/kosch-partner.at\/en\/","og_site_name":"KOSCH &amp; PARTNER","article_modified_time":"2020-03-23T14:26:29+00:00","og_image":[{"width":1200,"height":630,"url":"https:\/\/kosch-partner.at\/wp-content\/uploads\/2018\/08\/socialmedia.jpg","type":"image\/jpeg"}],"twitter_card":"summary_large_image","twitter_title":"Kosch & Partner - Rechtsanw\u00e4lte in Wiener Neustadt, Wien und Eisenstadt","twitter_description":"Im Rahmen unserer vielf\u00e4ltigen Spezialisierungen stehen wir Ihnen als gr\u00f6\u00dfte Anwaltskanzlei in Wiener Neustadt mit au\u00dfergew\u00f6hnlicher Expertise zur Seite.","twitter_image":"http:\/\/kosch-partner.at\/wp-content\/uploads\/2018\/08\/socialmedia.jpg","schema":{"@context":"https:\/\/schema.org","@graph":[{"@type":"WebPage","@id":"https:\/\/kosch-partner.at\/en\/","url":"https:\/\/kosch-partner.at\/en\/","name":"Kosch & Partner &#8211; Rechtsanw\u00e4lte in Wr. Neustadt, Wien und Eisenstadt","isPartOf":{"@id":"https:\/\/kosch-partner.at\/en\/#website"},"datePublished":"2017-10-07T11:47:42+00:00","dateModified":"2020-03-23T14:26:29+00:00","description":"Im Rahmen unserer vielf\u00e4ltigen Spezialisierungen stehen wir Ihnen als gr\u00f6\u00dfte Anwaltskanzlei in Wiener Neustadt mit au\u00dfergew\u00f6hnlicher Expertise zur Seite.","breadcrumb":{"@id":"https:\/\/kosch-partner.at\/en\/#breadcrumb"},"inLanguage":"en-US","potentialAction":[{"@type":"ReadAction","target":[["https:\/\/kosch-partner.at\/en\/"]]}]},{"@type":"BreadcrumbList","@id":"https:\/\/kosch-partner.at\/en\/#breadcrumb","itemListElement":[{"@type":"ListItem","position":1,"name":"Home","item":"https:\/\/kosch-partner.at\/en\/"},{"@type":"ListItem","position":2,"name":"Rechtsanw\u00e4lte"}]},{"@type":"WebSite","@id":"https:\/\/kosch-partner.at\/en\/#website","url":"https:\/\/kosch-partner.at\/en\/","name":"KOSCH &amp; PARTNER","description":"","potentialAction":[{"@type":"SearchAction","target":{"@type":"EntryPoint","urlTemplate":"https:\/\/kosch-partner.at\/en\/?s={search_term_string}"},"query-input":{"@type":"PropertyValueSpecification","valueRequired":true,"valueName":"search_term_string"}}],"inLanguage":"en-US"}]}},"_links":{"self":[{"href":"https:\/\/kosch-partner.at\/en\/wp-json\/wp\/v2\/pages\/7","targetHints":{"allow":["GET"]}}],"collection":[{"href":"https:\/\/kosch-partner.at\/en\/wp-json\/wp\/v2\/pages"}],"about":[{"href":"https:\/\/kosch-partner.at\/en\/wp-json\/wp\/v2\/types\/page"}],"author":[{"embeddable":true,"href":"https:\/\/kosch-partner.at\/en\/wp-json\/wp\/v2\/users\/1"}],"replies":[{"embeddable":true,"href":"https:\/\/kosch-partner.at\/en\/wp-json\/wp\/v2\/comments?post=7"}],"version-history":[{"count":49,"href":"https:\/\/kosch-partner.at\/en\/wp-json\/wp\/v2\/pages\/7\/revisions"}],"predecessor-version":[{"id":1910,"href":"https:\/\/kosch-partner.at\/en\/wp-json\/wp\/v2\/pages\/7\/revisions\/1910"}],"wp:attachment":[{"href":"https:\/\/kosch-partner.at\/en\/wp-json\/wp\/v2\/media?parent=7"}],"curies":[{"name":"wp","href":"https:\/\/api.w.org\/{rel}","templated":true}]}}